{"id":24,"date":"2019-03-08T13:02:03","date_gmt":"2019-03-08T12:02:03","guid":{"rendered":"https:\/\/www.exte.de\/schalungszubehoer\/?page_id=24"},"modified":"2019-12-20T11:00:21","modified_gmt":"2019-12-20T10:00:21","slug":"unternehmen","status":"publish","type":"page","link":"https:\/\/www.exte.de\/schalungszubehoer\/unternehmen\/","title":{"rendered":"Unternehmen"},"content":{"rendered":"\t\t<div data-elementor-type=\"wp-post\" data-elementor-id=\"24\" class=\"elementor elementor-24\">\n\t\t\t\t\t\t<section class=\"elementor-section elementor-top-section elementor-element elementor-element-29bb3238 elementor-section-height-min-height elementor-section-boxed elementor-section-height-default elementor-section-items-middle\" data-id=\"29bb3238\" data-element_type=\"section\" data-e-type=\"section\" data-settings=\"{&quot;background_background&quot;:&quot;classic&quot;}\">\n\t\t\t\t\t\t\t<div class=\"elementor-background-overlay\"><\/div>\n\t\t\t\t\t\t\t<div class=\"elementor-container elementor-column-gap-default\">\n\t\t\t\t\t<div class=\"elementor-column elementor-col-100 elementor-top-column elementor-element elementor-element-f03ce9f\" data-id=\"f03ce9f\" data-element_type=\"column\" data-e-type=\"column\" data-settings=\"{&quot;background_background&quot;:&quot;classic&quot;}\">\n\t\t\t<div class=\"elementor-widget-wrap elementor-element-populated\">\n\t\t\t\t\t\t<div class=\"elementor-element elementor-element-7f8ca016 elementor-widget-divider--view-line elementor-invisible elementor-widget elementor-widget-divider\" data-id=\"7f8ca016\" data-element_type=\"widget\" data-e-type=\"widget\" data-settings=\"{&quot;_animation&quot;:&quot;fadeInLeft&quot;,&quot;_animation_delay&quot;:0}\" data-widget_type=\"divider.default\">\n\t\t\t\t<div class=\"elementor-widget-container\">\n\t\t\t\t\t\t\t<div class=\"elementor-divider\">\n\t\t\t<span class=\"elementor-divider-separator\">\n\t\t\t\t\t\t<\/span>\n\t\t<\/div>\n\t\t\t\t\t\t<\/div>\n\t\t\t\t<\/div>\n\t\t\t\t<div class=\"elementor-element elementor-element-5d1a7e75 elementor-invisible elementor-widget elementor-widget-html\" data-id=\"5d1a7e75\" data-element_type=\"widget\" data-e-type=\"widget\" data-settings=\"{&quot;_animation&quot;:&quot;fadeInRight&quot;,&quot;_animation_delay&quot;:0}\" data-widget_type=\"html.default\">\n\t\t\t\t<div class=\"elementor-widget-container\">\n\t\t\t\t\t<div class=\"startseiten-header\">\n<h1>unternehmen<\/h1>\n<h2>wer wir sind<\/h2>\n<\/div>\t\t\t\t<\/div>\n\t\t\t\t<\/div>\n\t\t\t\t\t<\/div>\n\t\t<\/div>\n\t\t\t\t\t<\/div>\n\t\t<\/section>\n\t\t\t\t<section class=\"elementor-section elementor-top-section elementor-element elementor-element-15de81e1 elementor-section-full_width elementor-reverse-mobile elementor-section-height-default elementor-section-height-default\" data-id=\"15de81e1\" data-element_type=\"section\" data-e-type=\"section\">\n\t\t\t\t\t\t<div class=\"elementor-container elementor-column-gap-default\">\n\t\t\t\t\t<div class=\"elementor-column elementor-col-50 elementor-top-column elementor-element elementor-element-133167b elementor-hidden-tablet elementor-hidden-phone\" data-id=\"133167b\" data-element_type=\"column\" data-e-type=\"column\" data-settings=\"{&quot;background_background&quot;:&quot;classic&quot;}\">\n\t\t\t<div class=\"elementor-widget-wrap elementor-element-populated\">\n\t\t\t\t\t\t<div class=\"elementor-element elementor-element-3374d291 elementor-hidden-tablet elementor-hidden-phone elementor-widget elementor-widget-spacer\" data-id=\"3374d291\" data-element_type=\"widget\" data-e-type=\"widget\" data-widget_type=\"spacer.default\">\n\t\t\t\t<div class=\"elementor-widget-container\">\n\t\t\t\t\t\t\t<div class=\"elementor-spacer\">\n\t\t\t<div class=\"elementor-spacer-inner\"><\/div>\n\t\t<\/div>\n\t\t\t\t\t\t<\/div>\n\t\t\t\t<\/div>\n\t\t\t\t\t<\/div>\n\t\t<\/div>\n\t\t\t\t<div class=\"elementor-column elementor-col-50 elementor-top-column elementor-element elementor-element-36aae767\" data-id=\"36aae767\" data-element_type=\"column\" data-e-type=\"column\">\n\t\t\t<div class=\"elementor-widget-wrap elementor-element-populated\">\n\t\t\t\t\t\t<div class=\"elementor-element elementor-element-2808776f elementor-widget-divider--view-line elementor-widget elementor-widget-divider\" data-id=\"2808776f\" data-element_type=\"widget\" data-e-type=\"widget\" data-widget_type=\"divider.default\">\n\t\t\t\t<div class=\"elementor-widget-container\">\n\t\t\t\t\t\t\t<div class=\"elementor-divider\">\n\t\t\t<span class=\"elementor-divider-separator\">\n\t\t\t\t\t\t<\/span>\n\t\t<\/div>\n\t\t\t\t\t\t<\/div>\n\t\t\t\t<\/div>\n\t\t\t\t<div class=\"elementor-element elementor-element-8544c2f elementor-widget elementor-widget-heading\" data-id=\"8544c2f\" data-element_type=\"widget\" data-e-type=\"widget\" data-widget_type=\"heading.default\">\n\t\t\t\t<div class=\"elementor-widget-container\">\n\t\t\t\t\t<h1 class=\"elementor-heading-title elementor-size-default\">Unsere Firmenphilosophie<\/h1>\t\t\t\t<\/div>\n\t\t\t\t<\/div>\n\t\t\t\t<div class=\"elementor-element elementor-element-b1fd565 elementor-widget elementor-widget-text-editor\" data-id=\"b1fd565\" data-element_type=\"widget\" data-e-type=\"widget\" data-widget_type=\"text-editor.default\">\n\t\t\t\t<div class=\"elementor-widget-container\">\n\t\t\t\t\t\t\t\t\t<p>Die EXTE GmbH ist ein weltweit t\u00e4tiger Anbieter von Spezialartikeln f\u00fcr die Bauindustrie. Wir produzieren Schalungszubeh\u00f6r und Abstandhalter f\u00fcr den Stahlbetonbau aus Kunststoff, Stahl und Faserbeton und z\u00e4hlen in diesen Bereichen zu den Marktf\u00fchrern der Branche.<\/p><p>Mit firmeneigenem Werkzeugbau, eigener Entwicklungsabteilung, modernen Produktionsanlagen und schlagkr\u00e4ftiger Logistik sind wir der verl\u00e4ssliche Partner mit einem auf Ihre Bed\u00fcrfnisse abgestimmten Komplettsortiment.<\/p><p>Unsere Unabh\u00e4ngigkeit als mittelst\u00e4ndisches Familienunternehmen ist wichtig f\u00fcr uns. Wir setzen auf gesundes und kontinuierliches Wachstum durch Nachhaltigkeit. Das bedeutet f\u00fcr unsere Kunden, Lieferanten und Mitarbeiter eine langfristige und stabile Vertrauensbasis, gegr\u00fcndet auf wirtschaftlicher Sicherheit.<\/p>\t\t\t\t\t\t\t\t<\/div>\n\t\t\t\t<\/div>\n\t\t\t\t\t<\/div>\n\t\t<\/div>\n\t\t\t\t\t<\/div>\n\t\t<\/section>\n\t\t\t\t<section class=\"elementor-section elementor-top-section elementor-element elementor-element-7e9bb90c elementor-section-boxed elementor-section-height-default elementor-section-height-default\" data-id=\"7e9bb90c\" data-element_type=\"section\" data-e-type=\"section\" data-settings=\"{&quot;background_background&quot;:&quot;classic&quot;}\">\n\t\t\t\t\t\t<div class=\"elementor-container elementor-column-gap-default\">\n\t\t\t\t\t<div class=\"elementor-column elementor-col-100 elementor-top-column elementor-element elementor-element-e3a327\" data-id=\"e3a327\" data-element_type=\"column\" data-e-type=\"column\">\n\t\t\t<div class=\"elementor-widget-wrap elementor-element-populated\">\n\t\t\t\t\t\t<div class=\"elementor-element elementor-element-4d8128df elementor-widget-divider--view-line elementor-widget elementor-widget-divider\" data-id=\"4d8128df\" data-element_type=\"widget\" data-e-type=\"widget\" data-widget_type=\"divider.default\">\n\t\t\t\t<div class=\"elementor-widget-container\">\n\t\t\t\t\t\t\t<div class=\"elementor-divider\">\n\t\t\t<span class=\"elementor-divider-separator\">\n\t\t\t\t\t\t<\/span>\n\t\t<\/div>\n\t\t\t\t\t\t<\/div>\n\t\t\t\t<\/div>\n\t\t\t\t<div class=\"elementor-element elementor-element-31c7e5cd elementor-widget elementor-widget-text-editor\" data-id=\"31c7e5cd\" data-element_type=\"widget\" data-e-type=\"widget\" data-widget_type=\"text-editor.default\">\n\t\t\t\t<div class=\"elementor-widget-container\">\n\t\t\t\t\t\t\t\t\t<h1>UNSERE ST\u00c4RKEN<\/h1>\t\t\t\t\t\t\t\t<\/div>\n\t\t\t\t<\/div>\n\t\t\t\t\t<\/div>\n\t\t<\/div>\n\t\t\t\t\t<\/div>\n\t\t<\/section>\n\t\t\t\t<section class=\"elementor-section elementor-top-section elementor-element elementor-element-8ffda54 elementor-section-boxed elementor-section-height-default elementor-section-height-default\" data-id=\"8ffda54\" data-element_type=\"section\" data-e-type=\"section\" data-settings=\"{&quot;background_background&quot;:&quot;classic&quot;}\">\n\t\t\t\t\t\t<div class=\"elementor-container elementor-column-gap-default\">\n\t\t\t\t\t<div class=\"elementor-column elementor-col-100 elementor-top-column elementor-element elementor-element-3abe6ee\" data-id=\"3abe6ee\" data-element_type=\"column\" data-e-type=\"column\">\n\t\t\t<div class=\"elementor-widget-wrap elementor-element-populated\">\n\t\t\t\t\t\t<div class=\"elementor-element elementor-element-5f047bd elementor-widget elementor-widget-image\" data-id=\"5f047bd\" data-element_type=\"widget\" data-e-type=\"widget\" data-widget_type=\"image.default\">\n\t\t\t\t<div class=\"elementor-widget-container\">\n\t\t\t\t\t\t\t\t\t\t\t\t\t\t\t<img fetchpriority=\"high\" decoding=\"async\" width=\"768\" height=\"688\" src=\"https:\/\/www.exte.de\/schalungszubehoer\/wp-content\/uploads\/2019\/11\/staerken_exte_01-1-768x688.png\" class=\"attachment-medium_large size-medium_large wp-image-7715\" alt=\"EXTE Nienburg Unsere St\u00e4rken\" srcset=\"https:\/\/www.exte.de\/schalungszubehoer\/wp-content\/uploads\/2019\/11\/staerken_exte_01-1-768x688.png 768w, https:\/\/www.exte.de\/schalungszubehoer\/wp-content\/uploads\/2019\/11\/staerken_exte_01-1-300x269.png 300w, https:\/\/www.exte.de\/schalungszubehoer\/wp-content\/uploads\/2019\/11\/staerken_exte_01-1.png 1004w\" sizes=\"(max-width: 768px) 100vw, 768px\" \/>\t\t\t\t\t\t\t\t\t\t\t\t\t\t\t<\/div>\n\t\t\t\t<\/div>\n\t\t\t\t\t<\/div>\n\t\t<\/div>\n\t\t\t\t\t<\/div>\n\t\t<\/section>\n\t\t\t\t<\/div>\n\t\t","protected":false},"excerpt":{"rendered":"<p>unternehmen wer wir sind Unsere Firmenphilosophie Die EXTE GmbH ist ein weltweit t\u00e4tiger Anbieter von Spezialartikeln f\u00fcr die Bauindustrie. Wir produzieren Schalungszubeh\u00f6r und Abstandhalter f\u00fcr den Stahlbetonbau aus Kunststoff, Stahl und Faserbeton und z\u00e4hlen in diesen Bereichen zu den Marktf\u00fchrern der Branche. Mit firmeneigenem Werkzeugbau, eigener Entwicklungsabteilung, modernen Produktionsanlagen und schlagkr\u00e4ftiger Logistik sind wir der [&hellip;]<\/p>\n","protected":false},"author":1,"featured_media":0,"parent":0,"menu_order":0,"comment_status":"closed","ping_status":"closed","template":"","meta":{"ocean_post_layout":"full-screen","ocean_both_sidebars_style":"","ocean_both_sidebars_content_width":0,"ocean_both_sidebars_sidebars_width":0,"ocean_sidebar":"0","ocean_second_sidebar":"0","ocean_disable_margins":"enable","ocean_add_body_class":"","ocean_shortcode_before_top_bar":"","ocean_shortcode_after_top_bar":"","ocean_shortcode_before_header":"","ocean_shortcode_after_header":"","ocean_has_shortcode":"","ocean_shortcode_after_title":"","ocean_shortcode_before_footer_widgets":"","ocean_shortcode_after_footer_widgets":"","ocean_shortcode_before_footer_bottom":"","ocean_shortcode_after_footer_bottom":"","ocean_display_top_bar":"default","ocean_display_header":"default","ocean_header_style":"","ocean_center_header_left_menu":"0","ocean_custom_header_template":"0","ocean_custom_logo":0,"ocean_custom_retina_logo":0,"ocean_custom_logo_max_width":0,"ocean_custom_logo_tablet_max_width":0,"ocean_custom_logo_mobile_max_width":0,"ocean_custom_logo_max_height":0,"ocean_custom_logo_tablet_max_height":0,"ocean_custom_logo_mobile_max_height":0,"ocean_header_custom_menu":"0","ocean_menu_typo_font_family":"0","ocean_menu_typo_font_subset":"","ocean_menu_typo_font_size":0,"ocean_menu_typo_font_size_tablet":0,"ocean_menu_typo_font_size_mobile":0,"ocean_menu_typo_font_size_unit":"px","ocean_menu_typo_font_weight":"","ocean_menu_typo_font_weight_tablet":"","ocean_menu_typo_font_weight_mobile":"","ocean_menu_typo_transform":"","ocean_menu_typo_transform_tablet":"","ocean_menu_typo_transform_mobile":"","ocean_menu_typo_line_height":0,"ocean_menu_typo_line_height_tablet":0,"ocean_menu_typo_line_height_mobile":0,"ocean_menu_typo_line_height_unit":"","ocean_menu_typo_spacing":0,"ocean_menu_typo_spacing_tablet":0,"ocean_menu_typo_spacing_mobile":0,"ocean_menu_typo_spacing_unit":"","ocean_menu_link_color":"","ocean_menu_link_color_hover":"","ocean_menu_link_color_active":"","ocean_menu_link_background":"","ocean_menu_link_hover_background":"","ocean_menu_link_active_background":"","ocean_menu_social_links_bg":"","ocean_menu_social_hover_links_bg":"","ocean_menu_social_links_color":"","ocean_menu_social_hover_links_color":"","ocean_disable_title":"on","ocean_disable_heading":"default","ocean_post_title":"","ocean_post_subheading":"","ocean_post_title_style":"","ocean_post_title_background_color":"","ocean_post_title_background":0,"ocean_post_title_bg_image_position":"","ocean_post_title_bg_image_attachment":"","ocean_post_title_bg_image_repeat":"","ocean_post_title_bg_image_size":"","ocean_post_title_height":0,"ocean_post_title_bg_overlay":0.5,"ocean_post_title_bg_overlay_color":"","ocean_disable_breadcrumbs":"default","ocean_breadcrumbs_color":"","ocean_breadcrumbs_separator_color":"","ocean_breadcrumbs_links_color":"","ocean_breadcrumbs_links_hover_color":"","ocean_display_footer_widgets":"default","ocean_display_footer_bottom":"default","ocean_custom_footer_template":"0","footnotes":""},"class_list":["post-24","page","type-page","status-publish","hentry","entry"],"yoast_head":"<!-- This site is optimized with the Yoast SEO plugin v27.3 - https:\/\/yoast.com\/product\/yoast-seo-wordpress\/ -->\n<title>Unternehmen - EXTE Schalungszubeh\u00f6r - EXTE GmbH<\/title>\n<meta name=\"description\" content=\"Unsere Firmenphilosophie. Wir sind Probleml\u00f6ser f\u00fcr die Bauindustrie. Aufgrund unserer Erfahrung seit 1959 sprechen wir die gleiche Sprache wie unsere ...\" \/>\n<meta name=\"robots\" content=\"index, follow, max-snippet:-1, max-image-preview:large, max-video-preview:-1\" \/>\n<link rel=\"canonical\" href=\"https:\/\/www.exte.de\/schalungszubehoer\/unternehmen\/\" \/>\n<meta property=\"og:locale\" content=\"de_DE\" \/>\n<meta property=\"og:type\" content=\"article\" \/>\n<meta property=\"og:title\" content=\"Unternehmen - EXTE Schalungszubeh\u00f6r - EXTE GmbH\" \/>\n<meta property=\"og:description\" content=\"Unsere Firmenphilosophie. Wir sind Probleml\u00f6ser f\u00fcr die Bauindustrie. Aufgrund unserer Erfahrung seit 1959 sprechen wir die gleiche Sprache wie unsere ...\" \/>\n<meta property=\"og:url\" content=\"https:\/\/www.exte.de\/schalungszubehoer\/unternehmen\/\" \/>\n<meta property=\"og:site_name\" content=\"EXTE GmbH\" \/>\n<meta property=\"article:modified_time\" content=\"2019-12-20T10:00:21+00:00\" \/>\n<meta property=\"og:image\" content=\"https:\/\/www.exte.de\/schalungszubehoer\/wp-content\/uploads\/2019\/11\/staerken_exte_01-1-768x688.png\" \/>\n<meta name=\"twitter:card\" content=\"summary_large_image\" \/>\n<meta name=\"twitter:label1\" content=\"Gesch\u00e4tzte Lesezeit\" \/>\n\t<meta name=\"twitter:data1\" content=\"1\u00a0Minute\" \/>\n<script type=\"application\/ld+json\" class=\"yoast-schema-graph\">{\"@context\":\"https:\\\/\\\/schema.org\",\"@graph\":[{\"@type\":\"WebPage\",\"@id\":\"https:\\\/\\\/www.exte.de\\\/schalungszubehoer\\\/unternehmen\\\/\",\"url\":\"https:\\\/\\\/www.exte.de\\\/schalungszubehoer\\\/unternehmen\\\/\",\"name\":\"Unternehmen - EXTE Schalungszubeh\u00f6r - EXTE GmbH\",\"isPartOf\":{\"@id\":\"https:\\\/\\\/www.exte.de\\\/schalungszubehoer\\\/#website\"},\"primaryImageOfPage\":{\"@id\":\"https:\\\/\\\/www.exte.de\\\/schalungszubehoer\\\/unternehmen\\\/#primaryimage\"},\"image\":{\"@id\":\"https:\\\/\\\/www.exte.de\\\/schalungszubehoer\\\/unternehmen\\\/#primaryimage\"},\"thumbnailUrl\":\"https:\\\/\\\/www.exte.de\\\/schalungszubehoer\\\/wp-content\\\/uploads\\\/2019\\\/11\\\/staerken_exte_01-1-768x688.png\",\"datePublished\":\"2019-03-08T12:02:03+00:00\",\"dateModified\":\"2019-12-20T10:00:21+00:00\",\"description\":\"Unsere Firmenphilosophie. Wir sind Probleml\u00f6ser f\u00fcr die Bauindustrie. Aufgrund unserer Erfahrung seit 1959 sprechen wir die gleiche Sprache wie unsere ...\",\"breadcrumb\":{\"@id\":\"https:\\\/\\\/www.exte.de\\\/schalungszubehoer\\\/unternehmen\\\/#breadcrumb\"},\"inLanguage\":\"de\",\"potentialAction\":[{\"@type\":\"ReadAction\",\"target\":[\"https:\\\/\\\/www.exte.de\\\/schalungszubehoer\\\/unternehmen\\\/\"]}]},{\"@type\":\"ImageObject\",\"inLanguage\":\"de\",\"@id\":\"https:\\\/\\\/www.exte.de\\\/schalungszubehoer\\\/unternehmen\\\/#primaryimage\",\"url\":\"https:\\\/\\\/www.exte.de\\\/schalungszubehoer\\\/wp-content\\\/uploads\\\/2019\\\/11\\\/staerken_exte_01-1.png\",\"contentUrl\":\"https:\\\/\\\/www.exte.de\\\/schalungszubehoer\\\/wp-content\\\/uploads\\\/2019\\\/11\\\/staerken_exte_01-1.png\",\"width\":1004,\"height\":900,\"caption\":\"EXTE Nienburg Unsere St\u00e4rken\"},{\"@type\":\"BreadcrumbList\",\"@id\":\"https:\\\/\\\/www.exte.de\\\/schalungszubehoer\\\/unternehmen\\\/#breadcrumb\",\"itemListElement\":[{\"@type\":\"ListItem\",\"position\":1,\"name\":\"Startseite\",\"item\":\"https:\\\/\\\/www.exte.de\\\/schalungszubehoer\\\/\"},{\"@type\":\"ListItem\",\"position\":2,\"name\":\"Unternehmen\"}]},{\"@type\":\"WebSite\",\"@id\":\"https:\\\/\\\/www.exte.de\\\/schalungszubehoer\\\/#website\",\"url\":\"https:\\\/\\\/www.exte.de\\\/schalungszubehoer\\\/\",\"name\":\"EXTE GmbH\",\"description\":\"Partner der Bauindustrie\",\"publisher\":{\"@id\":\"https:\\\/\\\/www.exte.de\\\/schalungszubehoer\\\/#organization\"},\"potentialAction\":[{\"@type\":\"SearchAction\",\"target\":{\"@type\":\"EntryPoint\",\"urlTemplate\":\"https:\\\/\\\/www.exte.de\\\/schalungszubehoer\\\/?s={search_term_string}\"},\"query-input\":{\"@type\":\"PropertyValueSpecification\",\"valueRequired\":true,\"valueName\":\"search_term_string\"}}],\"inLanguage\":\"de\"},{\"@type\":\"Organization\",\"@id\":\"https:\\\/\\\/www.exte.de\\\/schalungszubehoer\\\/#organization\",\"name\":\"EXTE GmbH\",\"url\":\"https:\\\/\\\/www.exte.de\\\/schalungszubehoer\\\/\",\"logo\":{\"@type\":\"ImageObject\",\"inLanguage\":\"de\",\"@id\":\"https:\\\/\\\/www.exte.de\\\/schalungszubehoer\\\/#\\\/schema\\\/logo\\\/image\\\/\",\"url\":\"https:\\\/\\\/www.exte.de\\\/schalungszubehoer\\\/wp-content\\\/uploads\\\/2019\\\/07\\\/Exte-Logo-web-1.png\",\"contentUrl\":\"https:\\\/\\\/www.exte.de\\\/schalungszubehoer\\\/wp-content\\\/uploads\\\/2019\\\/07\\\/Exte-Logo-web-1.png\",\"width\":1559,\"height\":567,\"caption\":\"EXTE GmbH\"},\"image\":{\"@id\":\"https:\\\/\\\/www.exte.de\\\/schalungszubehoer\\\/#\\\/schema\\\/logo\\\/image\\\/\"}}]}<\/script>\n<!-- \/ Yoast SEO plugin. -->","yoast_head_json":{"title":"Unternehmen - EXTE Schalungszubeh\u00f6r - EXTE GmbH","description":"Unsere Firmenphilosophie. Wir sind Probleml\u00f6ser f\u00fcr die Bauindustrie. Aufgrund unserer Erfahrung seit 1959 sprechen wir die gleiche Sprache wie unsere ...","robots":{"index":"index","follow":"follow","max-snippet":"max-snippet:-1","max-image-preview":"max-image-preview:large","max-video-preview":"max-video-preview:-1"},"canonical":"https:\/\/www.exte.de\/schalungszubehoer\/unternehmen\/","og_locale":"de_DE","og_type":"article","og_title":"Unternehmen - EXTE Schalungszubeh\u00f6r - EXTE GmbH","og_description":"Unsere Firmenphilosophie. Wir sind Probleml\u00f6ser f\u00fcr die Bauindustrie. Aufgrund unserer Erfahrung seit 1959 sprechen wir die gleiche Sprache wie unsere ...","og_url":"https:\/\/www.exte.de\/schalungszubehoer\/unternehmen\/","og_site_name":"EXTE GmbH","article_modified_time":"2019-12-20T10:00:21+00:00","og_image":[{"url":"https:\/\/www.exte.de\/schalungszubehoer\/wp-content\/uploads\/2019\/11\/staerken_exte_01-1-768x688.png","type":"","width":"","height":""}],"twitter_card":"summary_large_image","twitter_misc":{"Gesch\u00e4tzte Lesezeit":"1\u00a0Minute"},"schema":{"@context":"https:\/\/schema.org","@graph":[{"@type":"WebPage","@id":"https:\/\/www.exte.de\/schalungszubehoer\/unternehmen\/","url":"https:\/\/www.exte.de\/schalungszubehoer\/unternehmen\/","name":"Unternehmen - EXTE Schalungszubeh\u00f6r - EXTE GmbH","isPartOf":{"@id":"https:\/\/www.exte.de\/schalungszubehoer\/#website"},"primaryImageOfPage":{"@id":"https:\/\/www.exte.de\/schalungszubehoer\/unternehmen\/#primaryimage"},"image":{"@id":"https:\/\/www.exte.de\/schalungszubehoer\/unternehmen\/#primaryimage"},"thumbnailUrl":"https:\/\/www.exte.de\/schalungszubehoer\/wp-content\/uploads\/2019\/11\/staerken_exte_01-1-768x688.png","datePublished":"2019-03-08T12:02:03+00:00","dateModified":"2019-12-20T10:00:21+00:00","description":"Unsere Firmenphilosophie. Wir sind Probleml\u00f6ser f\u00fcr die Bauindustrie. Aufgrund unserer Erfahrung seit 1959 sprechen wir die gleiche Sprache wie unsere ...","breadcrumb":{"@id":"https:\/\/www.exte.de\/schalungszubehoer\/unternehmen\/#breadcrumb"},"inLanguage":"de","potentialAction":[{"@type":"ReadAction","target":["https:\/\/www.exte.de\/schalungszubehoer\/unternehmen\/"]}]},{"@type":"ImageObject","inLanguage":"de","@id":"https:\/\/www.exte.de\/schalungszubehoer\/unternehmen\/#primaryimage","url":"https:\/\/www.exte.de\/schalungszubehoer\/wp-content\/uploads\/2019\/11\/staerken_exte_01-1.png","contentUrl":"https:\/\/www.exte.de\/schalungszubehoer\/wp-content\/uploads\/2019\/11\/staerken_exte_01-1.png","width":1004,"height":900,"caption":"EXTE Nienburg Unsere St\u00e4rken"},{"@type":"BreadcrumbList","@id":"https:\/\/www.exte.de\/schalungszubehoer\/unternehmen\/#breadcrumb","itemListElement":[{"@type":"ListItem","position":1,"name":"Startseite","item":"https:\/\/www.exte.de\/schalungszubehoer\/"},{"@type":"ListItem","position":2,"name":"Unternehmen"}]},{"@type":"WebSite","@id":"https:\/\/www.exte.de\/schalungszubehoer\/#website","url":"https:\/\/www.exte.de\/schalungszubehoer\/","name":"EXTE GmbH","description":"Partner der Bauindustrie","publisher":{"@id":"https:\/\/www.exte.de\/schalungszubehoer\/#organization"},"potentialAction":[{"@type":"SearchAction","target":{"@type":"EntryPoint","urlTemplate":"https:\/\/www.exte.de\/schalungszubehoer\/?s={search_term_string}"},"query-input":{"@type":"PropertyValueSpecification","valueRequired":true,"valueName":"search_term_string"}}],"inLanguage":"de"},{"@type":"Organization","@id":"https:\/\/www.exte.de\/schalungszubehoer\/#organization","name":"EXTE GmbH","url":"https:\/\/www.exte.de\/schalungszubehoer\/","logo":{"@type":"ImageObject","inLanguage":"de","@id":"https:\/\/www.exte.de\/schalungszubehoer\/#\/schema\/logo\/image\/","url":"https:\/\/www.exte.de\/schalungszubehoer\/wp-content\/uploads\/2019\/07\/Exte-Logo-web-1.png","contentUrl":"https:\/\/www.exte.de\/schalungszubehoer\/wp-content\/uploads\/2019\/07\/Exte-Logo-web-1.png","width":1559,"height":567,"caption":"EXTE GmbH"},"image":{"@id":"https:\/\/www.exte.de\/schalungszubehoer\/#\/schema\/logo\/image\/"}}]}},"_links":{"self":[{"href":"https:\/\/www.exte.de\/schalungszubehoer\/wp-json\/wp\/v2\/pages\/24","targetHints":{"allow":["GET"]}}],"collection":[{"href":"https:\/\/www.exte.de\/schalungszubehoer\/wp-json\/wp\/v2\/pages"}],"about":[{"href":"https:\/\/www.exte.de\/schalungszubehoer\/wp-json\/wp\/v2\/types\/page"}],"author":[{"embeddable":true,"href":"https:\/\/www.exte.de\/schalungszubehoer\/wp-json\/wp\/v2\/users\/1"}],"replies":[{"embeddable":true,"href":"https:\/\/www.exte.de\/schalungszubehoer\/wp-json\/wp\/v2\/comments?post=24"}],"version-history":[{"count":123,"href":"https:\/\/www.exte.de\/schalungszubehoer\/wp-json\/wp\/v2\/pages\/24\/revisions"}],"predecessor-version":[{"id":8331,"href":"https:\/\/www.exte.de\/schalungszubehoer\/wp-json\/wp\/v2\/pages\/24\/revisions\/8331"}],"wp:attachment":[{"href":"https:\/\/www.exte.de\/schalungszubehoer\/wp-json\/wp\/v2\/media?parent=24"}],"curies":[{"name":"wp","href":"https:\/\/api.w.org\/{rel}","templated":true}]}}