{"id":790,"date":"2019-03-14T11:40:53","date_gmt":"2019-03-14T10:40:53","guid":{"rendered":"https:\/\/www.exte.de\/schalungszubehoer\/?page_id=790"},"modified":"2022-05-03T14:48:17","modified_gmt":"2022-05-03T12:48:17","slug":"career","status":"publish","type":"page","link":"https:\/\/www.exte.de\/schalungszubehoer\/en\/career\/","title":{"rendered":"Career"},"content":{"rendered":"\t\t<div data-elementor-type=\"wp-post\" data-elementor-id=\"790\" class=\"elementor elementor-790\">\n\t\t\t\t\t\t<section class=\"elementor-section elementor-top-section elementor-element elementor-element-603a8c8c elementor-section-height-min-height elementor-section-boxed elementor-section-height-default elementor-section-items-middle\" data-id=\"603a8c8c\" data-element_type=\"section\" data-e-type=\"section\" data-settings=\"{&quot;background_background&quot;:&quot;classic&quot;}\">\n\t\t\t\t\t\t\t<div class=\"elementor-background-overlay\"><\/div>\n\t\t\t\t\t\t\t<div class=\"elementor-container elementor-column-gap-default\">\n\t\t\t\t\t<div class=\"elementor-column elementor-col-100 elementor-top-column elementor-element elementor-element-be35edb\" data-id=\"be35edb\" data-element_type=\"column\" data-e-type=\"column\" data-settings=\"{&quot;background_background&quot;:&quot;classic&quot;}\">\n\t\t\t<div class=\"elementor-widget-wrap elementor-element-populated\">\n\t\t\t\t\t\t<div class=\"elementor-element elementor-element-b6d5a9f elementor-widget-divider--view-line elementor-invisible elementor-widget elementor-widget-divider\" data-id=\"b6d5a9f\" data-element_type=\"widget\" data-e-type=\"widget\" data-settings=\"{&quot;_animation&quot;:&quot;fadeInLeft&quot;,&quot;_animation_delay&quot;:0}\" data-widget_type=\"divider.default\">\n\t\t\t\t<div class=\"elementor-widget-container\">\n\t\t\t\t\t\t\t<div class=\"elementor-divider\">\n\t\t\t<span class=\"elementor-divider-separator\">\n\t\t\t\t\t\t<\/span>\n\t\t<\/div>\n\t\t\t\t\t\t<\/div>\n\t\t\t\t<\/div>\n\t\t\t\t<div class=\"elementor-element elementor-element-6ecb8eea elementor-invisible elementor-widget elementor-widget-html\" data-id=\"6ecb8eea\" data-element_type=\"widget\" data-e-type=\"widget\" data-settings=\"{&quot;_animation&quot;:&quot;fadeInRight&quot;,&quot;_animation_delay&quot;:0}\" data-widget_type=\"html.default\">\n\t\t\t\t<div class=\"elementor-widget-container\">\n\t\t\t\t\t<div class=\"startseiten-header\">\n<h1>careers at exte<\/h1>\n<\/div>\t\t\t\t<\/div>\n\t\t\t\t<\/div>\n\t\t\t\t\t<\/div>\n\t\t<\/div>\n\t\t\t\t\t<\/div>\n\t\t<\/section>\n\t\t\t\t<section class=\"elementor-section elementor-top-section elementor-element elementor-element-70b0df7 elementor-section-boxed elementor-section-height-default elementor-section-height-default\" data-id=\"70b0df7\" data-element_type=\"section\" data-e-type=\"section\">\n\t\t\t\t\t\t<div class=\"elementor-container elementor-column-gap-default\">\n\t\t\t\t\t<div class=\"elementor-column elementor-col-100 elementor-top-column elementor-element elementor-element-77c4593f\" data-id=\"77c4593f\" data-element_type=\"column\" data-e-type=\"column\">\n\t\t\t<div class=\"elementor-widget-wrap elementor-element-populated\">\n\t\t\t\t\t\t<div class=\"elementor-element elementor-element-41660a05 elementor-widget-divider--view-line elementor-widget elementor-widget-divider\" data-id=\"41660a05\" data-element_type=\"widget\" data-e-type=\"widget\" data-widget_type=\"divider.default\">\n\t\t\t\t<div class=\"elementor-widget-container\">\n\t\t\t\t\t\t\t<div class=\"elementor-divider\">\n\t\t\t<span class=\"elementor-divider-separator\">\n\t\t\t\t\t\t<\/span>\n\t\t<\/div>\n\t\t\t\t\t\t<\/div>\n\t\t\t\t<\/div>\n\t\t\t\t<div class=\"elementor-element elementor-element-5e15b3e7 elementor-widget elementor-widget-heading\" data-id=\"5e15b3e7\" data-element_type=\"widget\" data-e-type=\"widget\" data-widget_type=\"heading.default\">\n\t\t\t\t<div class=\"elementor-widget-container\">\n\t\t\t\t\t<h1 class=\"elementor-heading-title elementor-size-default\">be part of a successful team<\/h1>\t\t\t\t<\/div>\n\t\t\t\t<\/div>\n\t\t\t\t<div class=\"elementor-element elementor-element-146d246f elementor-widget elementor-widget-text-editor\" data-id=\"146d246f\" data-element_type=\"widget\" data-e-type=\"widget\" data-widget_type=\"text-editor.default\">\n\t\t\t\t<div class=\"elementor-widget-container\">\n\t\t\t\t\t\t\t\t\t<h2><strong>We offer good, secure jobs.<\/strong><\/h2><p>EXTE is a long-standing, owner-managed company with three manufacturing facilities in Germany. We supply the construction industries and belong to the market leaders in this area. Our core skills include the development, manufacture and distribution of high-quality plastic products for domestic and international customers.<\/p>\t\t\t\t\t\t\t\t<\/div>\n\t\t\t\t<\/div>\n\t\t\t\t\t<\/div>\n\t\t<\/div>\n\t\t\t\t\t<\/div>\n\t\t<\/section>\n\t\t\t\t<section class=\"elementor-section elementor-top-section elementor-element elementor-element-323cc5db elementor-section-boxed elementor-section-height-default elementor-section-height-default\" data-id=\"323cc5db\" data-element_type=\"section\" data-e-type=\"section\">\n\t\t\t\t\t\t<div class=\"elementor-container elementor-column-gap-default\">\n\t\t\t\t\t<div class=\"elementor-column elementor-col-50 elementor-top-column elementor-element elementor-element-334afdab\" data-id=\"334afdab\" data-element_type=\"column\" data-e-type=\"column\">\n\t\t\t<div class=\"elementor-widget-wrap elementor-element-populated\">\n\t\t\t\t\t\t<div class=\"elementor-element elementor-element-1cf296ec elementor-widget elementor-widget-text-editor\" data-id=\"1cf296ec\" data-element_type=\"widget\" data-e-type=\"widget\" data-widget_type=\"text-editor.default\">\n\t\t\t\t<div class=\"elementor-widget-container\">\n\t\t\t\t\t\t\t\t\t<p style=\"font-variant-ligatures: normal; font-variant-caps: normal; font-family: Roboto, sans-serif; font-style: normal; font-weight: 400;\">Please send your application with all related documents to<span style=\"font-size: 16px;\">:<\/span><span style=\"font-size: 16px;\">\u00a0<\/span><a style=\"font-size: 16px; background-color: #f7f7f7;\" href=\"mailto:bewerbung-nbg@exte.de\">bewerbung-nbg@exte.de<\/a><\/p><p><span style=\"font-family: Roboto, sans-serif; font-size: 16px; font-style: normal; font-variant-ligatures: normal; font-variant-caps: normal; font-weight: 400;\">If you prefer to send your application by post, please send it to the following address:<\/span><\/p><p>EXTE GmbH<br \/>&#8211; Bewerbung &#8211;<br \/>Industriestrasse 3<br \/>06429 Nienburg (Saale)<br \/>Germany<\/p>\t\t\t\t\t\t\t\t<\/div>\n\t\t\t\t<\/div>\n\t\t\t\t\t<\/div>\n\t\t<\/div>\n\t\t\t\t<div class=\"elementor-column elementor-col-50 elementor-top-column elementor-element elementor-element-ff0e83e\" data-id=\"ff0e83e\" data-element_type=\"column\" data-e-type=\"column\">\n\t\t\t<div class=\"elementor-widget-wrap elementor-element-populated\">\n\t\t\t\t\t\t<div class=\"elementor-element elementor-element-c89f03d elementor-widget elementor-widget-image\" data-id=\"c89f03d\" data-element_type=\"widget\" data-e-type=\"widget\" data-widget_type=\"image.default\">\n\t\t\t\t<div class=\"elementor-widget-container\">\n\t\t\t\t\t\t\t\t\t\t\t\t\t\t\t<img fetchpriority=\"high\" decoding=\"async\" width=\"606\" height=\"440\" src=\"https:\/\/www.exte.de\/schalungszubehoer\/wp-content\/uploads\/2022\/05\/Exte-extern-Logos_Ausbildung_03.png\" class=\"attachment-medium_large size-medium_large wp-image-11142\" alt=\"Exte-extern-Logos_Ausbildung_03\" srcset=\"https:\/\/www.exte.de\/schalungszubehoer\/wp-content\/uploads\/2022\/05\/Exte-extern-Logos_Ausbildung_03.png 606w, https:\/\/www.exte.de\/schalungszubehoer\/wp-content\/uploads\/2022\/05\/Exte-extern-Logos_Ausbildung_03-300x218.png 300w\" sizes=\"(max-width: 606px) 100vw, 606px\" \/>\t\t\t\t\t\t\t\t\t\t\t\t\t\t\t<\/div>\n\t\t\t\t<\/div>\n\t\t\t\t\t<\/div>\n\t\t<\/div>\n\t\t\t\t\t<\/div>\n\t\t<\/section>\n\t\t\t\t<section class=\"elementor-section elementor-top-section elementor-element elementor-element-5c28af7a elementor-section-boxed elementor-section-height-default elementor-section-height-default\" data-id=\"5c28af7a\" data-element_type=\"section\" data-e-type=\"section\" data-settings=\"{&quot;background_background&quot;:&quot;classic&quot;}\">\n\t\t\t\t\t\t<div class=\"elementor-container elementor-column-gap-default\">\n\t\t\t\t\t<div class=\"elementor-column elementor-col-100 elementor-top-column elementor-element elementor-element-45aac352\" data-id=\"45aac352\" data-element_type=\"column\" data-e-type=\"column\">\n\t\t\t<div class=\"elementor-widget-wrap elementor-element-populated\">\n\t\t\t\t\t\t<div class=\"elementor-element elementor-element-41bc1856 elementor-widget elementor-widget-shortcode\" data-id=\"41bc1856\" data-element_type=\"widget\" data-e-type=\"widget\" data-widget_type=\"shortcode.default\">\n\t\t\t\t<div class=\"elementor-widget-container\">\n\t\t\t\t\t\t\t<div class=\"elementor-shortcode\"><div class=\"oxi-addons-container oxi-addons-container-2\">\r\n                 <div class=\"oxi-addons-row\"><div class=\"ctu-ultimate-wrapper-2\">\r\n             <div class=\"ctu-ulimate-style-2\"><div class=\"vc-tabs-li vc-tabs-li-2-id-8\" ref=\"#ctu-ulitate-style-2-id-8\">\r\n                                Full-time \r\n                            <\/div><div class=\"vc-tabs-li vc-tabs-li-2-id-9\" ref=\"#ctu-ulitate-style-2-id-9\">\r\n                                Part-time \/ Internships \r\n                            <\/div><div class=\"vc-tabs-li vc-tabs-li-2-id-10\" ref=\"#ctu-ulitate-style-2-id-10\">\r\n                                Apprenticeships \r\n                            <\/div><\/div> <div class=\"ctu-ultimate-style-2-content\">\r\n                        <div class=\"ctu-ultimate-style-heading-2 vc-tabs-li-2-id-8\" ref=\"#ctu-ulitate-style-2-id-8\"> \r\n                            Full-time\r\n                        <\/div>\r\n                        <div class=\"ctu-ulitate-style-2-tabs \" id=\"ctu-ulitate-style-2-id-8\">\r\n                            <h2>VERWALTUNG&nbsp;<\/h2> <p>&nbsp;<\/p> <h3><strong>Sachbearbeiter Innendienst (m\/w\/d)&nbsp;<\/strong><\/h3> <p>Du \u00fcbernimmst administrative und kommunikative Aufgaben und fungierst als Schnittstelle zwischen Kundschaft, Au\u00dfendienst und anderen Unternehmensabteilungen.<\/p> <p>&nbsp;<\/p> <p><a href=\"https:\/\/www.exte.de\/schalungszubehoer\/wp-content\/uploads\/2025\/06\/Stellenanzeige_EXTE_Sachbearbeiter-Innendienst_2025_06.pdf\">Stellenanzeige_EXTE_Sachbearbeiter Innendienst_2025_06<\/a><\/p> <p>&nbsp;<\/p> <hr> <h2>PRODUKTION\/INSTANDHALTUNG<\/h2> <p>&nbsp;<\/p> <h3><strong>Industriemechaniker (m\/w\/d)&nbsp;<\/strong><\/h3> <p>Sie setzen Ihre technischen Kenntnisse zur Einrichtung und Wartung von Gitterschwei\u00dfanlage und -werkzeugen ein. In Ihrer Rolle sind Sie auch fachlicher Anleiter f\u00fcr die Maschinenf\u00fchrer.<\/p> <p>&nbsp;<\/p> <p><a href=\"https:\/\/www.exte.de\/schalungszubehoer\/wp-content\/uploads\/2025\/06\/Stellenanzeige_EXTE_Industriemechaniker_Schlosser_2025.pdf\">Stellenanzeige_EXTE_Industriemechaniker_Schlosser_2025<\/a><\/p> <p>&nbsp;<\/p>\r\n                            \r\n                        <\/div>\r\n                    <\/div>  <div class=\"ctu-ultimate-style-2-content\">\r\n                        <div class=\"ctu-ultimate-style-heading-2 vc-tabs-li-2-id-9\" ref=\"#ctu-ulitate-style-2-id-9\"> \r\n                            Part-time \/ Internships\r\n                        <\/div>\r\n                        <div class=\"ctu-ulitate-style-2-tabs \" id=\"ctu-ulitate-style-2-id-9\">\r\n                            \r\n                            \r\n                        <\/div>\r\n                    <\/div>  <div class=\"ctu-ultimate-style-2-content\">\r\n                        <div class=\"ctu-ultimate-style-heading-2 vc-tabs-li-2-id-10\" ref=\"#ctu-ulitate-style-2-id-10\"> \r\n                            Apprenticeships\r\n                        <\/div>\r\n                        <div class=\"ctu-ulitate-style-2-tabs \" id=\"ctu-ulitate-style-2-id-10\">\r\n                            <h3><strong>Kunststoff- und Kautschuktechnologen <\/strong><strong>(m\/w\/d)<\/strong><\/h3> <p>An unseren Produktionsmaschinen lernst Du, wie man Abstandshalter und weiteres Schalungszubeh\u00f6r aus Kunststoff herstellt. Du richtest die Produktionsmaschinen ein, optimierst Prozessparameter und beseitigst auftretende St\u00f6rungen.<\/p> <p>&nbsp;<\/p> <p><a href=\"https:\/\/www.exte.de\/schalungszubehoer\/wp-content\/uploads\/2023\/12\/Stellenanzeige_EXTE_Azubi_Kunststoff-und-Kautschuktechnologe_2023_12.pdf\">Stellenanzeige_EXTE_Azubi_Kunststoff- und Kautschuktechnologe_2023_12<\/a><\/p> <p>&nbsp;<\/p>\r\n                            \r\n                        <\/div>\r\n                    <\/div>  <\/div>     <\/div>\r\n              <\/div><\/div>\n\t\t\t\t\t\t<\/div>\n\t\t\t\t<\/div>\n\t\t\t\t\t<\/div>\n\t\t<\/div>\n\t\t\t\t\t<\/div>\n\t\t<\/section>\n\t\t\t\t<\/div>\n\t\t","protected":false},"excerpt":{"rendered":"<p>careers at exte be part of a successful team We offer good, secure jobs. EXTE is a long-standing, owner-managed company with three manufacturing facilities in Germany. We supply the construction industries and belong to the market leaders in this area. Our core skills include the development, manufacture and distribution of high-quality plastic products for domestic [&hellip;]<\/p>\n","protected":false},"author":1,"featured_media":0,"parent":0,"menu_order":0,"comment_status":"closed","ping_status":"closed","template":"","meta":{"ocean_post_layout":"full-screen","ocean_both_sidebars_style":"","ocean_both_sidebars_content_width":0,"ocean_both_sidebars_sidebars_width":0,"ocean_sidebar":"0","ocean_second_sidebar":"0","ocean_disable_margins":"enable","ocean_add_body_class":"","ocean_shortcode_before_top_bar":"","ocean_shortcode_after_top_bar":"","ocean_shortcode_before_header":"","ocean_shortcode_after_header":"","ocean_has_shortcode":"","ocean_shortcode_after_title":"","ocean_shortcode_before_footer_widgets":"","ocean_shortcode_after_footer_widgets":"","ocean_shortcode_before_footer_bottom":"","ocean_shortcode_after_footer_bottom":"","ocean_display_top_bar":"default","ocean_display_header":"default","ocean_header_style":"","ocean_center_header_left_menu":"0","ocean_custom_header_template":"0","ocean_custom_logo":0,"ocean_custom_retina_logo":0,"ocean_custom_logo_max_width":0,"ocean_custom_logo_tablet_max_width":0,"ocean_custom_logo_mobile_max_width":0,"ocean_custom_logo_max_height":0,"ocean_custom_logo_tablet_max_height":0,"ocean_custom_logo_mobile_max_height":0,"ocean_header_custom_menu":"0","ocean_menu_typo_font_family":"0","ocean_menu_typo_font_subset":"","ocean_menu_typo_font_size":0,"ocean_menu_typo_font_size_tablet":0,"ocean_menu_typo_font_size_mobile":0,"ocean_menu_typo_font_size_unit":"px","ocean_menu_typo_font_weight":"","ocean_menu_typo_font_weight_tablet":"","ocean_menu_typo_font_weight_mobile":"","ocean_menu_typo_transform":"","ocean_menu_typo_transform_tablet":"","ocean_menu_typo_transform_mobile":"","ocean_menu_typo_line_height":0,"ocean_menu_typo_line_height_tablet":0,"ocean_menu_typo_line_height_mobile":0,"ocean_menu_typo_line_height_unit":"","ocean_menu_typo_spacing":0,"ocean_menu_typo_spacing_tablet":0,"ocean_menu_typo_spacing_mobile":0,"ocean_menu_typo_spacing_unit":"","ocean_menu_link_color":"","ocean_menu_link_color_hover":"","ocean_menu_link_color_active":"","ocean_menu_link_background":"","ocean_menu_link_hover_background":"","ocean_menu_link_active_background":"","ocean_menu_social_links_bg":"","ocean_menu_social_hover_links_bg":"","ocean_menu_social_links_color":"","ocean_menu_social_hover_links_color":"","ocean_disable_title":"on","ocean_disable_heading":"default","ocean_post_title":"","ocean_post_subheading":"","ocean_post_title_style":"","ocean_post_title_background_color":"","ocean_post_title_background":0,"ocean_post_title_bg_image_position":"","ocean_post_title_bg_image_attachment":"","ocean_post_title_bg_image_repeat":"","ocean_post_title_bg_image_size":"","ocean_post_title_height":0,"ocean_post_title_bg_overlay":0.5,"ocean_post_title_bg_overlay_color":"","ocean_disable_breadcrumbs":"default","ocean_breadcrumbs_color":"","ocean_breadcrumbs_separator_color":"","ocean_breadcrumbs_links_color":"","ocean_breadcrumbs_links_hover_color":"","ocean_display_footer_widgets":"default","ocean_display_footer_bottom":"default","ocean_custom_footer_template":"0","footnotes":""},"class_list":["post-790","page","type-page","status-publish","hentry","entry"],"yoast_head":"<!-- This site is optimized with the Yoast SEO plugin v27.3 - https:\/\/yoast.com\/product\/yoast-seo-wordpress\/ -->\n<title>Career - EXTE GmbH<\/title>\n<meta name=\"robots\" content=\"index, follow, max-snippet:-1, max-image-preview:large, max-video-preview:-1\" \/>\n<link rel=\"canonical\" href=\"https:\/\/www.exte.de\/schalungszubehoer\/en\/career\/\" \/>\n<meta property=\"og:locale\" content=\"de_DE\" \/>\n<meta property=\"og:type\" content=\"article\" \/>\n<meta property=\"og:title\" content=\"Career - EXTE GmbH\" \/>\n<meta property=\"og:description\" content=\"careers at exte be part of a successful team We offer good, secure jobs. EXTE is a long-standing, owner-managed company with three manufacturing facilities in Germany. We supply the construction industries and belong to the market leaders in this area. Our core skills include the development, manufacture and distribution of high-quality plastic products for domestic [&hellip;]\" \/>\n<meta property=\"og:url\" content=\"https:\/\/www.exte.de\/schalungszubehoer\/en\/career\/\" \/>\n<meta property=\"og:site_name\" content=\"EXTE GmbH\" \/>\n<meta property=\"article:modified_time\" content=\"2022-05-03T12:48:17+00:00\" \/>\n<meta property=\"og:image\" content=\"https:\/\/www.exte.de\/schalungszubehoer\/wp-content\/uploads\/2022\/05\/Exte-extern-Logos_Ausbildung_03.png\" \/>\n<meta name=\"twitter:card\" content=\"summary_large_image\" \/>\n<meta name=\"twitter:label1\" content=\"Gesch\u00e4tzte Lesezeit\" \/>\n\t<meta name=\"twitter:data1\" content=\"5\u00a0Minuten\" \/>\n<script type=\"application\/ld+json\" class=\"yoast-schema-graph\">{\"@context\":\"https:\\\/\\\/schema.org\",\"@graph\":[{\"@type\":\"WebPage\",\"@id\":\"https:\\\/\\\/www.exte.de\\\/schalungszubehoer\\\/en\\\/career\\\/\",\"url\":\"https:\\\/\\\/www.exte.de\\\/schalungszubehoer\\\/en\\\/career\\\/\",\"name\":\"Career - EXTE GmbH\",\"isPartOf\":{\"@id\":\"https:\\\/\\\/www.exte.de\\\/schalungszubehoer\\\/#website\"},\"primaryImageOfPage\":{\"@id\":\"https:\\\/\\\/www.exte.de\\\/schalungszubehoer\\\/en\\\/career\\\/#primaryimage\"},\"image\":{\"@id\":\"https:\\\/\\\/www.exte.de\\\/schalungszubehoer\\\/en\\\/career\\\/#primaryimage\"},\"thumbnailUrl\":\"https:\\\/\\\/www.exte.de\\\/schalungszubehoer\\\/wp-content\\\/uploads\\\/2022\\\/05\\\/Exte-extern-Logos_Ausbildung_03.png\",\"datePublished\":\"2019-03-14T10:40:53+00:00\",\"dateModified\":\"2022-05-03T12:48:17+00:00\",\"breadcrumb\":{\"@id\":\"https:\\\/\\\/www.exte.de\\\/schalungszubehoer\\\/en\\\/career\\\/#breadcrumb\"},\"inLanguage\":\"de\",\"potentialAction\":[{\"@type\":\"ReadAction\",\"target\":[\"https:\\\/\\\/www.exte.de\\\/schalungszubehoer\\\/en\\\/career\\\/\"]}]},{\"@type\":\"ImageObject\",\"inLanguage\":\"de\",\"@id\":\"https:\\\/\\\/www.exte.de\\\/schalungszubehoer\\\/en\\\/career\\\/#primaryimage\",\"url\":\"https:\\\/\\\/www.exte.de\\\/schalungszubehoer\\\/wp-content\\\/uploads\\\/2022\\\/05\\\/Exte-extern-Logos_Ausbildung_03.png\",\"contentUrl\":\"https:\\\/\\\/www.exte.de\\\/schalungszubehoer\\\/wp-content\\\/uploads\\\/2022\\\/05\\\/Exte-extern-Logos_Ausbildung_03.png\",\"width\":606,\"height\":440,\"caption\":\"Exte-extern-Logos_Ausbildung_03\"},{\"@type\":\"BreadcrumbList\",\"@id\":\"https:\\\/\\\/www.exte.de\\\/schalungszubehoer\\\/en\\\/career\\\/#breadcrumb\",\"itemListElement\":[{\"@type\":\"ListItem\",\"position\":1,\"name\":\"Startseite\",\"item\":\"https:\\\/\\\/www.exte.de\\\/schalungszubehoer\\\/\"},{\"@type\":\"ListItem\",\"position\":2,\"name\":\"Career\"}]},{\"@type\":\"WebSite\",\"@id\":\"https:\\\/\\\/www.exte.de\\\/schalungszubehoer\\\/#website\",\"url\":\"https:\\\/\\\/www.exte.de\\\/schalungszubehoer\\\/\",\"name\":\"EXTE GmbH\",\"description\":\"Partner der Bauindustrie\",\"publisher\":{\"@id\":\"https:\\\/\\\/www.exte.de\\\/schalungszubehoer\\\/#organization\"},\"potentialAction\":[{\"@type\":\"SearchAction\",\"target\":{\"@type\":\"EntryPoint\",\"urlTemplate\":\"https:\\\/\\\/www.exte.de\\\/schalungszubehoer\\\/?s={search_term_string}\"},\"query-input\":{\"@type\":\"PropertyValueSpecification\",\"valueRequired\":true,\"valueName\":\"search_term_string\"}}],\"inLanguage\":\"de\"},{\"@type\":\"Organization\",\"@id\":\"https:\\\/\\\/www.exte.de\\\/schalungszubehoer\\\/#organization\",\"name\":\"EXTE GmbH\",\"url\":\"https:\\\/\\\/www.exte.de\\\/schalungszubehoer\\\/\",\"logo\":{\"@type\":\"ImageObject\",\"inLanguage\":\"de\",\"@id\":\"https:\\\/\\\/www.exte.de\\\/schalungszubehoer\\\/#\\\/schema\\\/logo\\\/image\\\/\",\"url\":\"https:\\\/\\\/www.exte.de\\\/schalungszubehoer\\\/wp-content\\\/uploads\\\/2019\\\/07\\\/Exte-Logo-web-1.png\",\"contentUrl\":\"https:\\\/\\\/www.exte.de\\\/schalungszubehoer\\\/wp-content\\\/uploads\\\/2019\\\/07\\\/Exte-Logo-web-1.png\",\"width\":1559,\"height\":567,\"caption\":\"EXTE GmbH\"},\"image\":{\"@id\":\"https:\\\/\\\/www.exte.de\\\/schalungszubehoer\\\/#\\\/schema\\\/logo\\\/image\\\/\"}}]}<\/script>\n<!-- \/ Yoast SEO plugin. -->","yoast_head_json":{"title":"Career - EXTE GmbH","robots":{"index":"index","follow":"follow","max-snippet":"max-snippet:-1","max-image-preview":"max-image-preview:large","max-video-preview":"max-video-preview:-1"},"canonical":"https:\/\/www.exte.de\/schalungszubehoer\/en\/career\/","og_locale":"de_DE","og_type":"article","og_title":"Career - EXTE GmbH","og_description":"careers at exte be part of a successful team We offer good, secure jobs. EXTE is a long-standing, owner-managed company with three manufacturing facilities in Germany. We supply the construction industries and belong to the market leaders in this area. Our core skills include the development, manufacture and distribution of high-quality plastic products for domestic [&hellip;]","og_url":"https:\/\/www.exte.de\/schalungszubehoer\/en\/career\/","og_site_name":"EXTE GmbH","article_modified_time":"2022-05-03T12:48:17+00:00","og_image":[{"url":"https:\/\/www.exte.de\/schalungszubehoer\/wp-content\/uploads\/2022\/05\/Exte-extern-Logos_Ausbildung_03.png","type":"","width":"","height":""}],"twitter_card":"summary_large_image","twitter_misc":{"Gesch\u00e4tzte Lesezeit":"5\u00a0Minuten"},"schema":{"@context":"https:\/\/schema.org","@graph":[{"@type":"WebPage","@id":"https:\/\/www.exte.de\/schalungszubehoer\/en\/career\/","url":"https:\/\/www.exte.de\/schalungszubehoer\/en\/career\/","name":"Career - EXTE GmbH","isPartOf":{"@id":"https:\/\/www.exte.de\/schalungszubehoer\/#website"},"primaryImageOfPage":{"@id":"https:\/\/www.exte.de\/schalungszubehoer\/en\/career\/#primaryimage"},"image":{"@id":"https:\/\/www.exte.de\/schalungszubehoer\/en\/career\/#primaryimage"},"thumbnailUrl":"https:\/\/www.exte.de\/schalungszubehoer\/wp-content\/uploads\/2022\/05\/Exte-extern-Logos_Ausbildung_03.png","datePublished":"2019-03-14T10:40:53+00:00","dateModified":"2022-05-03T12:48:17+00:00","breadcrumb":{"@id":"https:\/\/www.exte.de\/schalungszubehoer\/en\/career\/#breadcrumb"},"inLanguage":"de","potentialAction":[{"@type":"ReadAction","target":["https:\/\/www.exte.de\/schalungszubehoer\/en\/career\/"]}]},{"@type":"ImageObject","inLanguage":"de","@id":"https:\/\/www.exte.de\/schalungszubehoer\/en\/career\/#primaryimage","url":"https:\/\/www.exte.de\/schalungszubehoer\/wp-content\/uploads\/2022\/05\/Exte-extern-Logos_Ausbildung_03.png","contentUrl":"https:\/\/www.exte.de\/schalungszubehoer\/wp-content\/uploads\/2022\/05\/Exte-extern-Logos_Ausbildung_03.png","width":606,"height":440,"caption":"Exte-extern-Logos_Ausbildung_03"},{"@type":"BreadcrumbList","@id":"https:\/\/www.exte.de\/schalungszubehoer\/en\/career\/#breadcrumb","itemListElement":[{"@type":"ListItem","position":1,"name":"Startseite","item":"https:\/\/www.exte.de\/schalungszubehoer\/"},{"@type":"ListItem","position":2,"name":"Career"}]},{"@type":"WebSite","@id":"https:\/\/www.exte.de\/schalungszubehoer\/#website","url":"https:\/\/www.exte.de\/schalungszubehoer\/","name":"EXTE GmbH","description":"Partner der Bauindustrie","publisher":{"@id":"https:\/\/www.exte.de\/schalungszubehoer\/#organization"},"potentialAction":[{"@type":"SearchAction","target":{"@type":"EntryPoint","urlTemplate":"https:\/\/www.exte.de\/schalungszubehoer\/?s={search_term_string}"},"query-input":{"@type":"PropertyValueSpecification","valueRequired":true,"valueName":"search_term_string"}}],"inLanguage":"de"},{"@type":"Organization","@id":"https:\/\/www.exte.de\/schalungszubehoer\/#organization","name":"EXTE GmbH","url":"https:\/\/www.exte.de\/schalungszubehoer\/","logo":{"@type":"ImageObject","inLanguage":"de","@id":"https:\/\/www.exte.de\/schalungszubehoer\/#\/schema\/logo\/image\/","url":"https:\/\/www.exte.de\/schalungszubehoer\/wp-content\/uploads\/2019\/07\/Exte-Logo-web-1.png","contentUrl":"https:\/\/www.exte.de\/schalungszubehoer\/wp-content\/uploads\/2019\/07\/Exte-Logo-web-1.png","width":1559,"height":567,"caption":"EXTE GmbH"},"image":{"@id":"https:\/\/www.exte.de\/schalungszubehoer\/#\/schema\/logo\/image\/"}}]}},"_links":{"self":[{"href":"https:\/\/www.exte.de\/schalungszubehoer\/wp-json\/wp\/v2\/pages\/790","targetHints":{"allow":["GET"]}}],"collection":[{"href":"https:\/\/www.exte.de\/schalungszubehoer\/wp-json\/wp\/v2\/pages"}],"about":[{"href":"https:\/\/www.exte.de\/schalungszubehoer\/wp-json\/wp\/v2\/types\/page"}],"author":[{"embeddable":true,"href":"https:\/\/www.exte.de\/schalungszubehoer\/wp-json\/wp\/v2\/users\/1"}],"replies":[{"embeddable":true,"href":"https:\/\/www.exte.de\/schalungszubehoer\/wp-json\/wp\/v2\/comments?post=790"}],"version-history":[{"count":35,"href":"https:\/\/www.exte.de\/schalungszubehoer\/wp-json\/wp\/v2\/pages\/790\/revisions"}],"predecessor-version":[{"id":11150,"href":"https:\/\/www.exte.de\/schalungszubehoer\/wp-json\/wp\/v2\/pages\/790\/revisions\/11150"}],"wp:attachment":[{"href":"https:\/\/www.exte.de\/schalungszubehoer\/wp-json\/wp\/v2\/media?parent=790"}],"curies":[{"name":"wp","href":"https:\/\/api.w.org\/{rel}","templated":true}]}}