{"id":9267,"date":"2020-08-18T13:32:13","date_gmt":"2020-08-18T11:32:13","guid":{"rendered":"https:\/\/www.exte.de\/schalungszubehoer\/?page_id=9267"},"modified":"2023-06-21T09:22:32","modified_gmt":"2023-06-21T07:22:32","slug":"datenverarbeitung","status":"publish","type":"page","link":"https:\/\/www.exte.de\/schalungszubehoer\/datenverarbeitung\/","title":{"rendered":"Datenverarbeitung"},"content":{"rendered":"\t\t<div data-elementor-type=\"wp-post\" data-elementor-id=\"9267\" class=\"elementor elementor-9267\">\n\t\t\t\t\t\t<section class=\"elementor-section elementor-top-section elementor-element elementor-element-137294a7 elementor-section-height-min-height elementor-section-boxed elementor-section-height-default elementor-section-items-middle\" data-id=\"137294a7\" data-element_type=\"section\" data-e-type=\"section\" data-settings=\"{&quot;background_background&quot;:&quot;classic&quot;}\">\n\t\t\t\t\t\t\t<div class=\"elementor-background-overlay\"><\/div>\n\t\t\t\t\t\t\t<div class=\"elementor-container elementor-column-gap-default\">\n\t\t\t\t\t<div class=\"elementor-column elementor-col-100 elementor-top-column elementor-element elementor-element-2e6779c1\" data-id=\"2e6779c1\" data-element_type=\"column\" data-e-type=\"column\" data-settings=\"{&quot;background_background&quot;:&quot;classic&quot;}\">\n\t\t\t<div class=\"elementor-widget-wrap elementor-element-populated\">\n\t\t\t\t\t\t<div class=\"elementor-element elementor-element-b224099 elementor-widget-divider--view-line elementor-invisible elementor-widget elementor-widget-divider\" data-id=\"b224099\" data-element_type=\"widget\" data-e-type=\"widget\" data-settings=\"{&quot;_animation&quot;:&quot;fadeInLeft&quot;,&quot;_animation_delay&quot;:0}\" data-widget_type=\"divider.default\">\n\t\t\t\t<div class=\"elementor-widget-container\">\n\t\t\t\t\t\t\t<div class=\"elementor-divider\">\n\t\t\t<span class=\"elementor-divider-separator\">\n\t\t\t\t\t\t<\/span>\n\t\t<\/div>\n\t\t\t\t\t\t<\/div>\n\t\t\t\t<\/div>\n\t\t\t\t<div class=\"elementor-element elementor-element-13ebd3c5 elementor-invisible elementor-widget elementor-widget-html\" data-id=\"13ebd3c5\" data-element_type=\"widget\" data-e-type=\"widget\" data-settings=\"{&quot;_animation&quot;:&quot;fadeInRight&quot;,&quot;_animation_delay&quot;:0}\" data-widget_type=\"html.default\">\n\t\t\t\t<div class=\"elementor-widget-container\">\n\t\t\t\t\t<div class=\"startseiten-header\">\n<h1>Datenverarbeitung<\/h1>\n\n<\/div>\t\t\t\t<\/div>\n\t\t\t\t<\/div>\n\t\t\t\t\t<\/div>\n\t\t<\/div>\n\t\t\t\t\t<\/div>\n\t\t<\/section>\n\t\t\t\t<section class=\"elementor-section elementor-top-section elementor-element elementor-element-91c3e0 elementor-section-boxed elementor-section-height-default elementor-section-height-default\" data-id=\"91c3e0\" data-element_type=\"section\" data-e-type=\"section\">\n\t\t\t\t\t\t<div class=\"elementor-container elementor-column-gap-default\">\n\t\t\t\t\t<div class=\"elementor-column elementor-col-100 elementor-top-column elementor-element elementor-element-27156365\" data-id=\"27156365\" data-element_type=\"column\" data-e-type=\"column\">\n\t\t\t<div class=\"elementor-widget-wrap elementor-element-populated\">\n\t\t\t\t\t\t<div class=\"elementor-element elementor-element-10edcaea elementor-widget elementor-widget-text-editor\" data-id=\"10edcaea\" data-element_type=\"widget\" data-e-type=\"widget\" data-widget_type=\"text-editor.default\">\n\t\t\t\t<div class=\"elementor-widget-container\">\n\t\t\t\t\t\t\t\t\t<h3>Grunds\u00e4tze der Datenverarbeitung bei der Exte GmbH<\/h3><p>Um die Regelungen der Datenschutzgrundverordnung (DSGVO) einzuhalten haben wir Ihnen auf den Seiten der Exte GmbH einige Informationen zum Thema Datenschutz bereitgestellt. \u00dcber den von Ihnen aufgerufenen Link kommen wir unseren Informationspflichten nach den Art. 12 ff \/13 ff. der DSGVO nach.<\/p><p><strong>Wer ist f\u00fcr Datenverarbeitung verantwortlich?<\/strong><\/p><p>Verantwortlicher im Sinne des Datenschutzrecht ist die<\/p><p>EXTE GmbH<br \/>Industriestrasse 3<br \/>(D) &#8211; 06429 Nienburg \/ Saale<\/p><p>Sie finden weitere Informationen zu unserem Unternehmen, Angaben zu den vertretungsberechtigten Personen und auch weitere Kontaktm\u00f6glichkeiten im <a href=\"https:\/\/www.exte.de\/schalungszubehoer\/impressum\/\" target=\"blank\">Impressum<\/a> unserer Internetseite.<\/p><p><strong>Welche Daten von Ihnen werden von uns verarbeitet? Und zu welchen Zwecken?<\/strong><\/p><p>Wenn wir Daten von Ihnen erhalten haben, dann werden wir diese grunds\u00e4tzlich nur f\u00fcr die Zwecke verarbeiten, f\u00fcr die wir sie erhalten oder erhoben haben.<\/p><p>Eine Datenverarbeitung zu anderen Zwecken kommt nur dann in Betracht, wenn die insoweit erforderlichen rechtlichen Vorgaben gem\u00e4\u00df Art. 6 Abs. 4 DSGVO vorliegen. Etwaige Informationspflichten nach Art. 13 Abs. 3 DSGVO und Art. 14 Abs. 4 DSGVO werden wir in dem Fall selbstverst\u00e4ndlich beachten.<\/p><p><strong>Auf welcher rechtlichen Grundlage basiert das?<\/strong><\/p><p>Rechtsgrundlage f\u00fcr die Verarbeitung von personenbezogenen Daten ist grunds\u00e4tzlich \u2013 soweit es nicht noch spezifische Rechtsvorschriften gibt \u2013 Art. 6 DSGVO. Hier kommen insbesondere folgende M\u00f6glichkeiten in Betracht:<\/p><p>Einwilligung (Art. 6 Abs. 1 lit. a) DSGVO)<\/p><p>Datenverarbeitung zur Erf\u00fcllung von Vertr\u00e4gen (Art. 6 Abs. 1 lit. b) DSGVO<\/p><p>Datenverarbeitung auf Basis einer Interessenabw\u00e4gung (Art. 6 Abs. 1 lit. f) DSGVO)<\/p><p>Datenverarbeitung zur Erf\u00fcllung einer rechtlichen Verpflichtung (Art. 6 Abs. 1 lit. c) DSGVO)<\/p><p>Wenn personenbezogene Daten auf Grundlage einer Einwilligung von Ihnen verarbeitet werden, haben Sie das Recht, die Einwilligung jederzeit mit Wirkung f\u00fcr die Zukunft uns gegen\u00fcber zu widerrufen.<\/p><p>Wenn wir Daten auf Basis einer Interessenabw\u00e4gung verarbeiten, haben Sie als Betroffene\/r das Recht, unter Ber\u00fccksichtigung der Vorgaben von Art. 21 DSGVO der Verarbeitung der personenbezogenen Daten zu widersprechen.<\/p><p><strong>Wie lange werden die Daten gespeichert?<\/strong><\/p><p>Wir verarbeiten die Daten, solange dies f\u00fcr den jeweiligen Zweck erforderlich ist.<\/p><p>Soweit gesetzliche Aufbewahrungspflichten bestehen \u2013 z.B. im Handelsrecht oder Steuerrecht \u2013 werden die betreffenden personenbezogenen Daten f\u00fcr die Dauer der Aufbewahrungspflicht gespeichert. Nach Ablauf der Aufbewahrungspflicht wird gepr\u00fcft, ob eine weitere Erforderlichkeit f\u00fcr die Verarbeitung vorliegt. Liegt eine Erforderlichkeit nicht mehr vor, werden die Daten gel\u00f6scht.<\/p><p>Grunds\u00e4tzlich nehmen wir gegen Ende eines Kalenderjahres eine Pr\u00fcfung von Daten im Hinblick auf das Erfordernis einer weiteren Verarbeitung vor. Aufgrund der Menge der Daten erfolgt diese Pr\u00fcfung im Hinblick auf spezifische Datenarten oder Zwecke einer Verarbeitung.<\/p><p>Selbstverst\u00e4ndlich k\u00f6nnen Sie jederzeit (s.u.) Auskunft \u00fcber die bei uns zu Ihrer Person gespeicherten Daten verlangen und im Falle einer nicht bestehenden Erforderlichkeit eine L\u00f6schung der Daten oder Einschr\u00e4nkung der Verarbeitung verlangen.<\/p><p><strong>An welche Empf\u00e4nger werden die Daten weitergegeben?<\/strong><\/p><p>Eine Weitergabe Ihrer personenbezogenen Daten an Dritte findet grunds\u00e4tzlich nur statt, wenn dies f\u00fcr die Durchf\u00fchrung des Vertrages mit Ihnen erforderlich ist, die Weitergabe auf Basis einer Interessenabw\u00e4gung i.S.d. Art. 6 Abs. 1 lit. f) DSGVO zul\u00e4ssig ist, wir rechtlich zu der Weitergabe verpflichtet sind oder Sie insoweit eine Einwilligung erteilt haben.<\/p><p><strong>Wo werden die Daten verarbeitet?<\/strong><\/p><p>Ihre personenbezogenen Daten werden von uns ausschlie\u00dflich in Rechenzentren mit Sitz in der Bundesrepublik Deutschland verarbeitet.<\/p><p><strong>Ihre Rechte als \u201eBetroffene\u201c<\/strong><\/p><p>Sie haben das Recht auf Auskunft \u00fcber die von uns zu Ihrer Person verarbeiteten personenbezogenen Daten.<\/p><p>Bei einer Auskunftsanfrage, die nicht schriftlich erfolgt, bitten wir um Verst\u00e4ndnis daf\u00fcr, dass wir dann ggf. Nachweise von Ihnen verlangen, die belegen, dass Sie die Person sind, f\u00fcr die Sie sich ausgeben.<\/p><p>Ferner haben Sie ein Recht auf Berichtigung oder L\u00f6schung oder auf Einschr\u00e4nkung der Verarbeitung, soweit Ihnen dies gesetzlich zusteht.<\/p><p>Ferner haben Sie ein Widerspruchsrecht gegen die Verarbeitung im Rahmen der gesetzlichen Vorgaben. Gleiches gilt f\u00fcr ein Recht auf Daten\u00fcbertragbarkeit.<\/p><p>Insbesondere haben Sie ein Widerspruchsrecht nach Art. 21 Abs. 1 und 2 DSGVO gegen die Verarbeitung Ihrer Daten im Zusammenhang mit einer Direktwerbung, wenn diese auf Basis einer Interessenabw\u00e4gung erfolgt.<\/p><p><strong>Unser Datenschutzbeauftragter<\/strong><\/p><p>Wir haben einen Datenschutzbeauftragten in unserem Unternehmen benannt. Sie erreichen diesen unter folgenden Kontaktm\u00f6glichkeiten:<\/p><p><b>bits + bytes it-solutions GmbH &amp; Co. KG<\/b><br \/><b>-betrieblicher Datenschutzbeauftragter-<\/b><br \/><b>Krombacher Stra\u00dfe 24<\/b><br \/><b>57223 Kreuztal<\/b><br \/><b>oder per E-Mail: <\/b><a href=\"mailto:datenschutz@exte.de\">datenschutz@exte.de<\/a><\/p><p><strong>Beschwerderecht<\/strong><\/p><p>Sie haben das Recht, sich \u00fcber die Verarbeitung Ihrer personenbezogenen Daten durch uns bei einer Aufsichtsbeh\u00f6rde f\u00fcr den Datenschutz zu beschweren. Eine Liste der Aufsichtsbeh\u00f6rden mit Anschrift finden Sie unter: <a href=\"https:\/\/www.bfdi.bund.de\/DE\/Infothek\/Anschriften_Links\/anschriften_links-node.html\" target=\"blank\">https:\/\/www.bfdi.bund.de\/DE\/Infothek\/Anschriften_Links\/anschriften_links-node.html<\/a><\/p><p>Stand: 01\/06\/2023<\/p>\t\t\t\t\t\t\t\t<\/div>\n\t\t\t\t<\/div>\n\t\t\t\t\t<\/div>\n\t\t<\/div>\n\t\t\t\t\t<\/div>\n\t\t<\/section>\n\t\t\t\t<\/div>\n\t\t","protected":false},"excerpt":{"rendered":"<p>Datenverarbeitung Grunds\u00e4tze der Datenverarbeitung bei der Exte GmbH Um die Regelungen der Datenschutzgrundverordnung (DSGVO) einzuhalten haben wir Ihnen auf den Seiten der Exte GmbH einige Informationen zum Thema Datenschutz bereitgestellt. \u00dcber den von Ihnen aufgerufenen Link kommen wir unseren Informationspflichten nach den Art. 12 ff \/13 ff. der DSGVO nach. Wer ist f\u00fcr Datenverarbeitung verantwortlich? [&hellip;]<\/p>\n","protected":false},"author":1,"featured_media":0,"parent":0,"menu_order":0,"comment_status":"closed","ping_status":"closed","template":"","meta":{"ocean_post_layout":"full-screen","ocean_both_sidebars_style":"","ocean_both_sidebars_content_width":0,"ocean_both_sidebars_sidebars_width":0,"ocean_sidebar":"0","ocean_second_sidebar":"0","ocean_disable_margins":"enable","ocean_add_body_class":"","ocean_shortcode_before_top_bar":"","ocean_shortcode_after_top_bar":"","ocean_shortcode_before_header":"","ocean_shortcode_after_header":"","ocean_has_shortcode":"","ocean_shortcode_after_title":"","ocean_shortcode_before_footer_widgets":"","ocean_shortcode_after_footer_widgets":"","ocean_shortcode_before_footer_bottom":"","ocean_shortcode_after_footer_bottom":"","ocean_display_top_bar":"default","ocean_display_header":"default","ocean_header_style":"","ocean_center_header_left_menu":"0","ocean_custom_header_template":"0","ocean_custom_logo":0,"ocean_custom_retina_logo":0,"ocean_custom_logo_max_width":0,"ocean_custom_logo_tablet_max_width":0,"ocean_custom_logo_mobile_max_width":0,"ocean_custom_logo_max_height":0,"ocean_custom_logo_tablet_max_height":0,"ocean_custom_logo_mobile_max_height":0,"ocean_header_custom_menu":"0","ocean_menu_typo_font_family":"0","ocean_menu_typo_font_subset":"","ocean_menu_typo_font_size":0,"ocean_menu_typo_font_size_tablet":0,"ocean_menu_typo_font_size_mobile":0,"ocean_menu_typo_font_size_unit":"px","ocean_menu_typo_font_weight":"","ocean_menu_typo_font_weight_tablet":"","ocean_menu_typo_font_weight_mobile":"","ocean_menu_typo_transform":"","ocean_menu_typo_transform_tablet":"","ocean_menu_typo_transform_mobile":"","ocean_menu_typo_line_height":0,"ocean_menu_typo_line_height_tablet":0,"ocean_menu_typo_line_height_mobile":0,"ocean_menu_typo_line_height_unit":"","ocean_menu_typo_spacing":0,"ocean_menu_typo_spacing_tablet":0,"ocean_menu_typo_spacing_mobile":0,"ocean_menu_typo_spacing_unit":"","ocean_menu_link_color":"","ocean_menu_link_color_hover":"","ocean_menu_link_color_active":"","ocean_menu_link_background":"","ocean_menu_link_hover_background":"","ocean_menu_link_active_background":"","ocean_menu_social_links_bg":"","ocean_menu_social_hover_links_bg":"","ocean_menu_social_links_color":"","ocean_menu_social_hover_links_color":"","ocean_disable_title":"on","ocean_disable_heading":"default","ocean_post_title":"","ocean_post_subheading":"","ocean_post_title_style":"","ocean_post_title_background_color":"","ocean_post_title_background":0,"ocean_post_title_bg_image_position":"","ocean_post_title_bg_image_attachment":"","ocean_post_title_bg_image_repeat":"","ocean_post_title_bg_image_size":"","ocean_post_title_height":0,"ocean_post_title_bg_overlay":0.5,"ocean_post_title_bg_overlay_color":"","ocean_disable_breadcrumbs":"default","ocean_breadcrumbs_color":"","ocean_breadcrumbs_separator_color":"","ocean_breadcrumbs_links_color":"","ocean_breadcrumbs_links_hover_color":"","ocean_display_footer_widgets":"default","ocean_display_footer_bottom":"default","ocean_custom_footer_template":"0","footnotes":""},"class_list":["post-9267","page","type-page","status-publish","hentry","entry"],"yoast_head":"<!-- This site is optimized with the Yoast SEO plugin v27.3 - https:\/\/yoast.com\/product\/yoast-seo-wordpress\/ -->\n<title>Datenverarbeitung - EXTE GmbH<\/title>\n<meta name=\"robots\" content=\"index, follow, max-snippet:-1, max-image-preview:large, max-video-preview:-1\" \/>\n<link rel=\"canonical\" href=\"https:\/\/www.exte.de\/schalungszubehoer\/datenverarbeitung\/\" \/>\n<meta property=\"og:locale\" content=\"de_DE\" \/>\n<meta property=\"og:type\" content=\"article\" \/>\n<meta property=\"og:title\" content=\"Datenverarbeitung - EXTE GmbH\" \/>\n<meta property=\"og:description\" content=\"Datenverarbeitung Grunds\u00e4tze der Datenverarbeitung bei der Exte GmbH Um die Regelungen der Datenschutzgrundverordnung (DSGVO) einzuhalten haben wir Ihnen auf den Seiten der Exte GmbH einige Informationen zum Thema Datenschutz bereitgestellt. \u00dcber den von Ihnen aufgerufenen Link kommen wir unseren Informationspflichten nach den Art. 12 ff \/13 ff. der DSGVO nach. Wer ist f\u00fcr Datenverarbeitung verantwortlich? [&hellip;]\" \/>\n<meta property=\"og:url\" content=\"https:\/\/www.exte.de\/schalungszubehoer\/datenverarbeitung\/\" \/>\n<meta property=\"og:site_name\" content=\"EXTE GmbH\" \/>\n<meta property=\"article:modified_time\" content=\"2023-06-21T07:22:32+00:00\" \/>\n<meta name=\"twitter:card\" content=\"summary_large_image\" \/>\n<meta name=\"twitter:label1\" content=\"Gesch\u00e4tzte Lesezeit\" \/>\n\t<meta name=\"twitter:data1\" content=\"4\u00a0Minuten\" \/>\n<script type=\"application\/ld+json\" class=\"yoast-schema-graph\">{\"@context\":\"https:\\\/\\\/schema.org\",\"@graph\":[{\"@type\":\"WebPage\",\"@id\":\"https:\\\/\\\/www.exte.de\\\/schalungszubehoer\\\/datenverarbeitung\\\/\",\"url\":\"https:\\\/\\\/www.exte.de\\\/schalungszubehoer\\\/datenverarbeitung\\\/\",\"name\":\"Datenverarbeitung - EXTE GmbH\",\"isPartOf\":{\"@id\":\"https:\\\/\\\/www.exte.de\\\/schalungszubehoer\\\/#website\"},\"datePublished\":\"2020-08-18T11:32:13+00:00\",\"dateModified\":\"2023-06-21T07:22:32+00:00\",\"breadcrumb\":{\"@id\":\"https:\\\/\\\/www.exte.de\\\/schalungszubehoer\\\/datenverarbeitung\\\/#breadcrumb\"},\"inLanguage\":\"de\",\"potentialAction\":[{\"@type\":\"ReadAction\",\"target\":[\"https:\\\/\\\/www.exte.de\\\/schalungszubehoer\\\/datenverarbeitung\\\/\"]}]},{\"@type\":\"BreadcrumbList\",\"@id\":\"https:\\\/\\\/www.exte.de\\\/schalungszubehoer\\\/datenverarbeitung\\\/#breadcrumb\",\"itemListElement\":[{\"@type\":\"ListItem\",\"position\":1,\"name\":\"Startseite\",\"item\":\"https:\\\/\\\/www.exte.de\\\/schalungszubehoer\\\/\"},{\"@type\":\"ListItem\",\"position\":2,\"name\":\"Datenverarbeitung\"}]},{\"@type\":\"WebSite\",\"@id\":\"https:\\\/\\\/www.exte.de\\\/schalungszubehoer\\\/#website\",\"url\":\"https:\\\/\\\/www.exte.de\\\/schalungszubehoer\\\/\",\"name\":\"EXTE GmbH\",\"description\":\"Partner der Bauindustrie\",\"publisher\":{\"@id\":\"https:\\\/\\\/www.exte.de\\\/schalungszubehoer\\\/#organization\"},\"potentialAction\":[{\"@type\":\"SearchAction\",\"target\":{\"@type\":\"EntryPoint\",\"urlTemplate\":\"https:\\\/\\\/www.exte.de\\\/schalungszubehoer\\\/?s={search_term_string}\"},\"query-input\":{\"@type\":\"PropertyValueSpecification\",\"valueRequired\":true,\"valueName\":\"search_term_string\"}}],\"inLanguage\":\"de\"},{\"@type\":\"Organization\",\"@id\":\"https:\\\/\\\/www.exte.de\\\/schalungszubehoer\\\/#organization\",\"name\":\"EXTE GmbH\",\"url\":\"https:\\\/\\\/www.exte.de\\\/schalungszubehoer\\\/\",\"logo\":{\"@type\":\"ImageObject\",\"inLanguage\":\"de\",\"@id\":\"https:\\\/\\\/www.exte.de\\\/schalungszubehoer\\\/#\\\/schema\\\/logo\\\/image\\\/\",\"url\":\"https:\\\/\\\/www.exte.de\\\/schalungszubehoer\\\/wp-content\\\/uploads\\\/2019\\\/07\\\/Exte-Logo-web-1.png\",\"contentUrl\":\"https:\\\/\\\/www.exte.de\\\/schalungszubehoer\\\/wp-content\\\/uploads\\\/2019\\\/07\\\/Exte-Logo-web-1.png\",\"width\":1559,\"height\":567,\"caption\":\"EXTE GmbH\"},\"image\":{\"@id\":\"https:\\\/\\\/www.exte.de\\\/schalungszubehoer\\\/#\\\/schema\\\/logo\\\/image\\\/\"}}]}<\/script>\n<!-- \/ Yoast SEO plugin. -->","yoast_head_json":{"title":"Datenverarbeitung - EXTE GmbH","robots":{"index":"index","follow":"follow","max-snippet":"max-snippet:-1","max-image-preview":"max-image-preview:large","max-video-preview":"max-video-preview:-1"},"canonical":"https:\/\/www.exte.de\/schalungszubehoer\/datenverarbeitung\/","og_locale":"de_DE","og_type":"article","og_title":"Datenverarbeitung - EXTE GmbH","og_description":"Datenverarbeitung Grunds\u00e4tze der Datenverarbeitung bei der Exte GmbH Um die Regelungen der Datenschutzgrundverordnung (DSGVO) einzuhalten haben wir Ihnen auf den Seiten der Exte GmbH einige Informationen zum Thema Datenschutz bereitgestellt. \u00dcber den von Ihnen aufgerufenen Link kommen wir unseren Informationspflichten nach den Art. 12 ff \/13 ff. der DSGVO nach. Wer ist f\u00fcr Datenverarbeitung verantwortlich? [&hellip;]","og_url":"https:\/\/www.exte.de\/schalungszubehoer\/datenverarbeitung\/","og_site_name":"EXTE GmbH","article_modified_time":"2023-06-21T07:22:32+00:00","twitter_card":"summary_large_image","twitter_misc":{"Gesch\u00e4tzte Lesezeit":"4\u00a0Minuten"},"schema":{"@context":"https:\/\/schema.org","@graph":[{"@type":"WebPage","@id":"https:\/\/www.exte.de\/schalungszubehoer\/datenverarbeitung\/","url":"https:\/\/www.exte.de\/schalungszubehoer\/datenverarbeitung\/","name":"Datenverarbeitung - EXTE GmbH","isPartOf":{"@id":"https:\/\/www.exte.de\/schalungszubehoer\/#website"},"datePublished":"2020-08-18T11:32:13+00:00","dateModified":"2023-06-21T07:22:32+00:00","breadcrumb":{"@id":"https:\/\/www.exte.de\/schalungszubehoer\/datenverarbeitung\/#breadcrumb"},"inLanguage":"de","potentialAction":[{"@type":"ReadAction","target":["https:\/\/www.exte.de\/schalungszubehoer\/datenverarbeitung\/"]}]},{"@type":"BreadcrumbList","@id":"https:\/\/www.exte.de\/schalungszubehoer\/datenverarbeitung\/#breadcrumb","itemListElement":[{"@type":"ListItem","position":1,"name":"Startseite","item":"https:\/\/www.exte.de\/schalungszubehoer\/"},{"@type":"ListItem","position":2,"name":"Datenverarbeitung"}]},{"@type":"WebSite","@id":"https:\/\/www.exte.de\/schalungszubehoer\/#website","url":"https:\/\/www.exte.de\/schalungszubehoer\/","name":"EXTE GmbH","description":"Partner der Bauindustrie","publisher":{"@id":"https:\/\/www.exte.de\/schalungszubehoer\/#organization"},"potentialAction":[{"@type":"SearchAction","target":{"@type":"EntryPoint","urlTemplate":"https:\/\/www.exte.de\/schalungszubehoer\/?s={search_term_string}"},"query-input":{"@type":"PropertyValueSpecification","valueRequired":true,"valueName":"search_term_string"}}],"inLanguage":"de"},{"@type":"Organization","@id":"https:\/\/www.exte.de\/schalungszubehoer\/#organization","name":"EXTE GmbH","url":"https:\/\/www.exte.de\/schalungszubehoer\/","logo":{"@type":"ImageObject","inLanguage":"de","@id":"https:\/\/www.exte.de\/schalungszubehoer\/#\/schema\/logo\/image\/","url":"https:\/\/www.exte.de\/schalungszubehoer\/wp-content\/uploads\/2019\/07\/Exte-Logo-web-1.png","contentUrl":"https:\/\/www.exte.de\/schalungszubehoer\/wp-content\/uploads\/2019\/07\/Exte-Logo-web-1.png","width":1559,"height":567,"caption":"EXTE GmbH"},"image":{"@id":"https:\/\/www.exte.de\/schalungszubehoer\/#\/schema\/logo\/image\/"}}]}},"_links":{"self":[{"href":"https:\/\/www.exte.de\/schalungszubehoer\/wp-json\/wp\/v2\/pages\/9267","targetHints":{"allow":["GET"]}}],"collection":[{"href":"https:\/\/www.exte.de\/schalungszubehoer\/wp-json\/wp\/v2\/pages"}],"about":[{"href":"https:\/\/www.exte.de\/schalungszubehoer\/wp-json\/wp\/v2\/types\/page"}],"author":[{"embeddable":true,"href":"https:\/\/www.exte.de\/schalungszubehoer\/wp-json\/wp\/v2\/users\/1"}],"replies":[{"embeddable":true,"href":"https:\/\/www.exte.de\/schalungszubehoer\/wp-json\/wp\/v2\/comments?post=9267"}],"version-history":[{"count":19,"href":"https:\/\/www.exte.de\/schalungszubehoer\/wp-json\/wp\/v2\/pages\/9267\/revisions"}],"predecessor-version":[{"id":11601,"href":"https:\/\/www.exte.de\/schalungszubehoer\/wp-json\/wp\/v2\/pages\/9267\/revisions\/11601"}],"wp:attachment":[{"href":"https:\/\/www.exte.de\/schalungszubehoer\/wp-json\/wp\/v2\/media?parent=9267"}],"curies":[{"name":"wp","href":"https:\/\/api.w.org\/{rel}","templated":true}]}}